{"id":2830,"date":"2025-06-29T06:21:26","date_gmt":"2025-06-28T23:21:26","guid":{"rendered":"http:\/\/khaitridn.id.vn\/?page_id=2830"},"modified":"2025-06-30T09:38:02","modified_gmt":"2025-06-30T02:38:02","slug":"2830-2","status":"publish","type":"page","link":"https:\/\/thpt-khaitri.edu.vn\/?page_id=2830","title":{"rendered":"\u0110\u0103ng k\u00fd h\u1ecdc THPT"},"content":{"rendered":"\n\n<div class=\"wpcf7 no-js\" id=\"wpcf7-f2208-o1\" lang=\"vi\" dir=\"ltr\" data-wpcf7-id=\"2208\">\n<div class=\"screen-reader-response\"><p role=\"status\" aria-live=\"polite\" aria-atomic=\"true\"><\/p> <ul><\/ul><\/div>\n<form action=\"\/index.php?rest_route=%2Fwp%2Fv2%2Fpages%2F2830#wpcf7-f2208-o1\" method=\"post\" class=\"wpcf7-form init\" aria-label=\"Form li\u00ean h\u1ec7\" novalidate=\"novalidate\" data-status=\"init\">\n<fieldset class=\"hidden-fields-container\"><input type=\"hidden\" name=\"_wpcf7\" value=\"2208\" \/><input type=\"hidden\" name=\"_wpcf7_version\" value=\"6.1.5\" \/><input type=\"hidden\" name=\"_wpcf7_locale\" value=\"vi\" \/><input type=\"hidden\" name=\"_wpcf7_unit_tag\" value=\"wpcf7-f2208-o1\" \/><input type=\"hidden\" name=\"_wpcf7_container_post\" value=\"0\" \/><input type=\"hidden\" name=\"_wpcf7_posted_data_hash\" value=\"\" \/><input type=\"hidden\" name=\"_wpcf7dtx_version\" value=\"5.0.5\" \/>\n<\/fieldset>\n<div class=\"form-dang-ky\">\n\t<div class=\"form-dang-ky-title\">\n\t\t<p>\u0110\u0102NG K\u00dd H\u1eccC THPT\n\t\t<\/p>\n\t<\/div>\n\t<p><span class=\"wpcf7-form-control-wrap\" data-name=\"hovaten\"><input size=\"40\" maxlength=\"400\" class=\"wpcf7-form-control wpcf7-text wpcf7-validates-as-required\" aria-required=\"true\" aria-invalid=\"false\" placeholder=\"H\u1ecd v\u00e0 t\u00ean c\u1ee7a b\u1ea1n\" value=\"\" type=\"text\" name=\"hovaten\" \/><\/span><br \/>\n<span class=\"wpcf7-form-control-wrap\" data-name=\"ngaysinh\"><input class=\"wpcf7-form-control wpcf7-date wpcf7-validates-as-required wpcf7-validates-as-date\" aria-required=\"true\" aria-invalid=\"false\" placeholder=\"Ng\u00e0y sinh\" value=\"\" type=\"date\" name=\"ngaysinh\" \/><\/span><br \/>\n<span class=\"wpcf7-form-control-wrap\" data-name=\"gioitinh\"><select class=\"wpcf7-form-control wpcf7-select wpcf7-validates-as-required\" aria-required=\"true\" aria-invalid=\"false\" name=\"gioitinh\"><option value=\"Nam\">Nam<\/option><option value=\"N\u1eef\">N\u1eef<\/option><option value=\"Kh\u00e1c\">Kh\u00e1c<\/option><\/select><\/span><br \/>\n<span class=\"wpcf7-form-control-wrap\" data-name=\"dienthoai\"><input size=\"40\" maxlength=\"400\" class=\"wpcf7-form-control wpcf7-tel wpcf7-validates-as-required wpcf7-text wpcf7-validates-as-tel\" aria-required=\"true\" aria-invalid=\"false\" placeholder=\"S\u1ed1 \u0111i\u1ec7n tho\u1ea1i (Ba ho\u1eb7c M\u1eb9)\" value=\"\" type=\"tel\" name=\"dienthoai\" \/><\/span><br \/>\n<span class=\"wpcf7-form-control-wrap\" data-name=\"truongthcs\"><input size=\"40\" maxlength=\"400\" class=\"wpcf7-form-control wpcf7-text wpcf7-validates-as-required\" aria-required=\"true\" aria-invalid=\"false\" placeholder=\"Tr\u01b0\u1eddng THCS \u0111ang h\u1ecdc\" value=\"\" type=\"text\" name=\"truongthcs\" \/><\/span><br \/>\n<span class=\"wpcf7-form-control-wrap\" data-name=\"namtotnghiep\"><input size=\"40\" maxlength=\"400\" class=\"wpcf7-form-control wpcf7-text wpcf7-validates-as-required\" aria-required=\"true\" aria-invalid=\"false\" placeholder=\"N\u0103m t\u1ed1t nghi\u1ec7p THCS\" value=\"\" type=\"text\" name=\"namtotnghiep\" \/><\/span><br \/>\n<span class=\"wpcf7-form-control-wrap\" data-name=\"email\"><input size=\"40\" maxlength=\"400\" class=\"wpcf7-form-control wpcf7-email wpcf7-validates-as-required wpcf7-text wpcf7-validates-as-email\" aria-required=\"true\" aria-invalid=\"false\" placeholder=\"Email li\u00ean h\u1ec7\" value=\"\" type=\"email\" name=\"email\" \/><\/span><br \/>\n<span class=\"wpcf7-form-control-wrap\" data-name=\"diachi\"><textarea cols=\"40\" rows=\"10\" maxlength=\"2000\" class=\"wpcf7-form-control wpcf7-textarea\" aria-invalid=\"false\" placeholder=\"\u0110\u1ecba ch\u1ec9 li\u00ean h\u1ec7 (ghi r\u00f5 x\u00e3\/ph\u01b0\u1eddng, huy\u1ec7n, t\u1ec9nh)\" name=\"diachi\"><\/textarea><\/span><br \/>\n<input class=\"wpcf7-form-control wpcf7-submit has-spinner\" type=\"submit\" value=\"G\u1eedi th\u00f4ng tin\" \/>\n\t<\/p>\n<\/div><div class=\"wpcf7-response-output\" aria-hidden=\"true\"><\/div>\n<\/form>\n<\/div>\n\n\n\n","protected":false},"excerpt":{"rendered":"","protected":false},"author":3,"featured_media":0,"parent":0,"menu_order":0,"comment_status":"closed","ping_status":"closed","template":"","meta":{"footnotes":""},"class_list":["post-2830","page","type-page","status-publish","hentry"],"jetpack_sharing_enabled":true,"_links":{"self":[{"href":"https:\/\/thpt-khaitri.edu.vn\/index.php?rest_route=\/wp\/v2\/pages\/2830","targetHints":{"allow":["GET"]}}],"collection":[{"href":"https:\/\/thpt-khaitri.edu.vn\/index.php?rest_route=\/wp\/v2\/pages"}],"about":[{"href":"https:\/\/thpt-khaitri.edu.vn\/index.php?rest_route=\/wp\/v2\/types\/page"}],"author":[{"embeddable":true,"href":"https:\/\/thpt-khaitri.edu.vn\/index.php?rest_route=\/wp\/v2\/users\/3"}],"replies":[{"embeddable":true,"href":"https:\/\/thpt-khaitri.edu.vn\/index.php?rest_route=%2Fwp%2Fv2%2Fcomments&post=2830"}],"version-history":[{"count":6,"href":"https:\/\/thpt-khaitri.edu.vn\/index.php?rest_route=\/wp\/v2\/pages\/2830\/revisions"}],"predecessor-version":[{"id":2841,"href":"https:\/\/thpt-khaitri.edu.vn\/index.php?rest_route=\/wp\/v2\/pages\/2830\/revisions\/2841"}],"wp:attachment":[{"href":"https:\/\/thpt-khaitri.edu.vn\/index.php?rest_route=%2Fwp%2Fv2%2Fmedia&parent=2830"}],"curies":[{"name":"wp","href":"https:\/\/api.w.org\/{rel}","templated":true}]}}